{"id":13434,"date":"2019-11-15T06:37:11","date_gmt":"2019-11-15T11:37:11","guid":{"rendered":"http:\/\/travelers-v6.site.findly.com\/home\/"},"modified":"2025-06-30T08:14:41","modified_gmt":"2025-06-30T12:14:41","slug":"home","status":"publish","type":"page","link":"https:\/\/careers.travelers.com\/fr-ca\/","title":{"rendered":"Accueil"},"content":{"rendered":"<p><div class=\"fusion-fullwidth fullwidth-box fusion-builder-row-1 fusion-flex-container has-pattern-background has-mask-background fusion-parallax-none hero-banner home-bnr banner-container homehero-new hundred-percent-fullwidth non-hundred-percent-height-scrolling\" style=\"--awb-background-position:left center;--awb-border-radius-top-left:0px;--awb-border-radius-top-right:0px;--awb-border-radius-bottom-right:0px;--awb-border-radius-bottom-left:0px;--awb-min-height:460px;--awb-min-height-medium:350px;--awb-min-height-small:220px;--awb-background-image:url(&quot;\/wp-content\/uploads\/sites\/3481\/2025\/05\/28204019\/Home-page-header-v2_final-1.jpg&quot;);--awb-background-size:cover;--awb-flex-wrap:wrap;\" aria-label=\"\" role=\"\" ><div class=\"fusion-builder-row fusion-row fusion-flex-align-items-center fusion-flex-align-content-center fusion-flex-justify-content-center fusion-flex-content-wrap\" style=\"width:104% !important;max-width:104% !important;margin-left: calc(-4% \/ 2 );margin-right: calc(-4% \/ 2 );\"><div class=\"fusion-layout-column fusion_builder_column fusion-builder-column-0 fusion_builder_column_1_1 1_1 fusion-flex-column fusion-flex-align-self-center banner-tit\" style=\"--awb-padding-right-small:20px;--awb-padding-left-small:20px;--awb-bg-size:cover;--awb-width-large:100%;--awb-margin-top-large:0px;--awb-spacing-right-large:0px;--awb-margin-bottom-large:20px;--awb-spacing-left-large:0px;--awb-width-medium:100%;--awb-order-medium:0;--awb-spacing-right-medium:0px;--awb-spacing-left-medium:0px;--awb-width-small:100%;--awb-order-small:0;--awb-spacing-right-small:1.92%;--awb-spacing-left-small:1.92%;\" data-scroll-devices=\"small-visibility,medium-visibility,large-visibility\"><div class=\"fusion-column-wrapper fusion-column-has-shadow fusion-flex-justify-content-flex-start fusion-content-layout-column\"><div class=\"fusion-image-element\" style=\"text-align:center;--awb-caption-title-font-family:var(--h2_typography-font-family);--awb-caption-title-font-weight:var(--h2_typography-font-weight);--awb-caption-title-font-style:var(--h2_typography-font-style);--awb-caption-title-size:var(--h2_typography-font-size);--awb-caption-title-transform:var(--h2_typography-text-transform);--awb-caption-title-line-height:var(--h2_typography-line-height);--awb-caption-title-letter-spacing:var(--h2_typography-letter-spacing);\"><span class=\"fusion-imageframe imageframe-none imageframe-1 hover-type-none\"><img decoding=\"async\" width=\"950\" height=\"290\" src=\"\/wp-content\/uploads\/sites\/3481\/2025\/06\/02041050\/HC_7822_Travelers_Imaginez_111819-1.png\" alt class=\"img-responsive wp-image-32705\"\/><\/span><\/div><div class=\"fusion-title title fusion-title-1 fusion-sep-none fusion-title-center fusion-title-text fusion-title-size-one hdrsubhdln-new\" style=\"--awb-text-color:var(--awb-color3);\"><h1 class=\"fusion-title-heading title-heading-center\" style=\"margin:0;\">AIMER VOTRE TRAVAIL ET L\u2019ENDROIT O\u00d9 VOUS TRAVAILLEZ<\/h1><\/div><\/div><\/div><\/div><\/div><div class=\"fusion-fullwidth fullwidth-box fusion-builder-row-2 fusion-flex-container has-pattern-background has-mask-background search-banner hundred-percent-fullwidth non-hundred-percent-height-scrolling\" style=\"--awb-border-radius-top-left:0px;--awb-border-radius-top-right:0px;--awb-border-radius-bottom-right:0px;--awb-border-radius-bottom-left:0px;--awb-padding-top:10px;--awb-padding-right:0px;--awb-padding-bottom:10px;--awb-padding-left:0px;--awb-background-color:#d8d8d8;--awb-flex-wrap:wrap;\" ><div class=\"fusion-builder-row fusion-row fusion-flex-align-items-flex-start fusion-flex-justify-content-center fusion-flex-content-wrap\" style=\"width:104% !important;max-width:104% !important;margin-left: calc(-4% \/ 2 );margin-right: calc(-4% \/ 2 );\"><div class=\"fusion-layout-column fusion_builder_column fusion-builder-column-1 fusion-flex-column\" style=\"--awb-bg-size:cover;--awb-width-large:74%;--awb-margin-top-large:0px;--awb-spacing-right-large:2.5945945945946%;--awb-margin-bottom-large:0px;--awb-spacing-left-large:2.5945945945946%;--awb-width-medium:85%;--awb-order-medium:0;--awb-spacing-right-medium:2.2588235294118%;--awb-spacing-left-medium:2.2588235294118%;--awb-width-small:90%;--awb-order-small:0;--awb-spacing-right-small:2.1333333333333%;--awb-spacing-left-small:2.1333333333333%;\" data-scroll-devices=\"small-visibility,medium-visibility,large-visibility\"><div class=\"fusion-column-wrapper fusion-column-has-shadow fusion-flex-justify-content-flex-start fusion-content-layout-column\"><div class=\"fusion-widget-area awb-widget-area-element fusion-widget-area-1 fusion-content-widget-area\" style=\"--awb-title-size:24px;--awb-title-color:var(--awb-color8);--awb-padding:0px 0px 0px 0px;\"><div id=\"widget_job_search_v2-6\" class=\"widget widget-jobsearch widget-jobsearch-v2\" style=\"border-style: solid;border-color:transparent;border-width:0px;\"><form method=\"GET\" id=\"cws_quickjobsearch\" role=\"search\" class=\"clearfix g-cols offset_medium\" action=\"\/fr-ca\/recherche-demploi\/\"><div class=\"quicksearch-field quicksearch-SearchText first avia-builder-el-first  flex_column fusion-layout-column fusion-one-third  horizontal\"><div class=\"w-form-row\"><div class=\"w-form-row-label\"><label for=\"cws_quickjobsearch_keywords\">Mot cl\u00e9 ou ID de l\u2019emploi<\/label><\/div><div class=\"w-form-row-field\"><input type=\"text\" class=\"text_input keyword_suggest\" name=\"keyword\" id=\"cws_quickjobsearch_keywords\" data-autocomplete_limit=\"5\" placeholder=\"Mot cl\u00e9\"  data-param=\"SearchText\" aria-describedby=\"keyword-help\" value=\"\" \/><span id=\"keyword-help\" class=\"visually-hidden sr-only\" aria-live=\"polite\">Begin typing to find suggestions.<\/span><span class=\"w-form-row-field-bar\"><\/span><\/div><input type=\"hidden\" name=\"fuzzy\" id=\"cws_quickjobsearch_fuzzy\" data-param=\"fuzzy\" value=\"\" \/><\/div><\/div><div class=\"quicksearch-field quicksearch-coordinates  flex_column fusion-layout-column fusion-one-third  horizontal\"><div class=\"w-form-row-label\"><label for=\"cws_quickjobsearch_location\">Entrer l\u2019adresse, la ville ou le code postal\n<\/label><\/div><div class=\"location-wrapper location-wrapper with_geo\"><input type=\"text\"  class=\"text_input loc_auto\" name=\"location\" id=\"cws_quickjobsearch_location\"  placeholder=\"Entrer l\u2019adresse, la ville ou le code postal\n\"  data-param=\"Location\" value=\"\" aria-describedby=\"cws_quickjobsearch_location-description\" \/><button class=\"geolocation-icon fontawesome-icon fas\" id=\"geotooltip\" type=\"button\" tabindex=\"0\" aria-label=\"Use your current location\">&#xf3c5;\n<span class=\"geolocation-tooltip\"  role=\"tooltip\" aria-hidden=\"true\">Use your current location<\/span> <\/button><span id=\"cws_quickjobsearch_location-description\" style=\"display:none;\">Start typing a location to get suggestions, then press the down arrow to select one.<\/span><span id=\"cws_quickjobsearch_location_error\" style=\"display:none;\" class=\"location_error\">*Please select location from the dropdown<\/span><\/div><input type=\"hidden\" name=\"latitude\" id=\"cws_quickjobsearch_latitude\" data-param=\"latitude\" value=\"\" \/><input type=\"hidden\" name=\"longitude\" id=\"cws_quickjobsearch_longitude\" data-param=\"longitude\" value=\"\" \/><input type=\"hidden\" name=\"state\" id=\"cws_quickjobsearch_state\" data-param=\"facet\" data-facet=\"primary_state\" value=\"\" \/><input type=\"hidden\" name=\"country\" id=\"cws_quickjobsearch_country\" data-param=\"facet\" data-facet=\"primary_country\" value=\"\" \/><input type=\"hidden\" name=\"radius\" id=\"cws_quickjobsearch_radius\" value=\"25\" \/><input type=\"hidden\" name=\"statewide\" id=\"cws_quickjobsearch_statewide\" value=\"\" \/><input type=\"hidden\" name=\"nationwide\" id=\"cws_quickjobsearch_nationwide\" value=\"\" \/><\/div><div class=\"quicksearch-btn avia-builder-el-last flex_column fusion-layout-column fusion-one-third \"><input class=\"fusion-button button-default button-small quicksearch-submit\" type=\"submit\" value=\"Rechercher des carri\u00e8res\" \/><\/div><\/form><\/div><div class=\"fusion-additional-widget-content\"><\/div><\/div><\/div><\/div><\/div><\/div>\n<div class=\"fusion-fullwidth fullwidth-box fusion-builder-row-3 fusion-flex-container has-pattern-background has-mask-background nonhundred-percent-fullwidth non-hundred-percent-height-scrolling\" style=\"--awb-border-radius-top-left:0px;--awb-border-radius-top-right:0px;--awb-border-radius-bottom-right:0px;--awb-border-radius-bottom-left:0px;--awb-padding-top:62px;--awb-padding-right:0px;--awb-padding-bottom:25px;--awb-padding-left:0px;--awb-padding-top-small:40px;--awb-padding-right-small:4.5%;--awb-padding-bottom-small:20px;--awb-padding-left-small:4.5%;--awb-flex-wrap:wrap;\" aria-label=\"\" role=\"\" ><div class=\"fusion-builder-row fusion-row fusion-flex-align-items-center fusion-flex-justify-content-center fusion-flex-content-wrap\" style=\"max-width:1258.4px;margin-left: calc(-4% \/ 2 );margin-right: calc(-4% \/ 2 );\"><div class=\"fusion-layout-column fusion_builder_column fusion-builder-column-2 fusion-flex-column fusion-flex-align-self-center\" style=\"--awb-bg-size:cover;--awb-width-large:65%;--awb-margin-top-large:0px;--awb-spacing-right-large:0px;--awb-margin-bottom-large:0px;--awb-spacing-left-large:0px;--awb-width-medium:70%;--awb-order-medium:0;--awb-spacing-right-medium:0px;--awb-spacing-left-medium:0px;--awb-width-small:100%;--awb-order-small:0;--awb-spacing-right-small:3.84%;--awb-spacing-left-small:3.84%;\" data-scroll-devices=\"small-visibility,medium-visibility,large-visibility\"><div class=\"fusion-column-wrapper fusion-column-has-shadow fusion-flex-justify-content-center fusion-content-layout-column\"><div class=\"fusion-title title fusion-title-2 fusion-sep-none fusion-title-center fusion-title-text fusion-title-size-two\" style=\"--awb-font-size:45.33px;\"><h2 class=\"fusion-title-heading title-heading-center\" style=\"margin:0;font-size:1em;line-height:50px;\">Notre Personnel Ast Notre Plus Grand Atout.<\/h2><\/div><div class=\"fusion-text fusion-text-1 p17\" style=\"--awb-content-alignment:center;\"><p>Notre h\u00e9ritage fort de 170 ans n\u2019existerait tout simplement pas sans nos talents. Notre personnel de partout au monde s\u2019appuie sur la promesse Travelers : notre engagement \u00e0 prendre soin de notre client\u00e8le, de nos communaut\u00e9s et d\u2019autrui.<\/p> <\/div><\/div><\/div><\/div><\/div><div class=\"fusion-fullwidth fullwidth-box fusion-builder-row-4 fusion-flex-container has-pattern-background has-mask-background full-cont hundred-percent-fullwidth non-hundred-percent-height-scrolling\" style=\"--awb-border-radius-top-left:0px;--awb-border-radius-top-right:0px;--awb-border-radius-bottom-right:0px;--awb-border-radius-bottom-left:0px;--awb-padding-right:0px;--awb-padding-left:0px;--awb-min-height:480px;--awb-flex-wrap:wrap;\" aria-label=\"\" role=\"\" ><div class=\"fusion-builder-row fusion-row fusion-flex-align-items-stretch fusion-flex-justify-content-center fusion-flex-content-wrap\" style=\"width:104% !important;max-width:104% !important;margin-left: calc(-4% \/ 2 );margin-right: calc(-4% \/ 2 );\"><div class=\"fusion-layout-column fusion_builder_column fusion-builder-column-3 fusion_builder_column_1_2 1_2 fusion-flex-column fusion-flex-align-self-stretch white-foc\" style=\"--awb-padding-top:10%;--awb-padding-right:12%;--awb-padding-bottom:10%;--awb-padding-left:12%;--awb-padding-top-small:34px;--awb-padding-right-small:6%;--awb-padding-bottom-small:34px;--awb-padding-left-small:6%;--awb-bg-color:var(--awb-color5);--awb-bg-color-hover:var(--awb-color5);--awb-bg-size:cover;--awb-width-large:50%;--awb-margin-top-large:0px;--awb-spacing-right-large:0px;--awb-margin-bottom-large:0px;--awb-spacing-left-large:0px;--awb-width-medium:50%;--awb-order-medium:0;--awb-spacing-right-medium:0px;--awb-spacing-left-medium:0px;--awb-width-small:100%;--awb-order-small:0;--awb-spacing-right-small:1.92%;--awb-spacing-left-small:1.92%;\" data-scroll-devices=\"small-visibility,medium-visibility,large-visibility\"><div class=\"fusion-column-wrapper fusion-column-has-shadow fusion-flex-justify-content-center fusion-content-layout-column\"><div class=\"fusion-image-element\" style=\"--awb-aspect-ratio:3 \/ 1;--awb-caption-title-font-family:var(--h2_typography-font-family);--awb-caption-title-font-weight:var(--h2_typography-font-weight);--awb-caption-title-font-style:var(--h2_typography-font-style);--awb-caption-title-size:var(--h2_typography-font-size);--awb-caption-title-transform:var(--h2_typography-text-transform);--awb-caption-title-line-height:var(--h2_typography-line-height);--awb-caption-title-letter-spacing:var(--h2_typography-letter-spacing);\"><span class=\"fusion-imageframe imageframe-none imageframe-2 hover-type-none has-aspect-ratio\"><img decoding=\"async\" width=\"900\" height=\"300\" alt=\"Decouvrez\" src=\"\/wp-content\/uploads\/sites\/3481\/2025\/06\/02040014\/Decouvrez-v2-01.png\" class=\"img-responsive wp-image-32701 img-with-aspect-ratio\" \/><\/span><\/div><div class=\"fusion-separator\" style=\"align-self: center;margin-left: auto;margin-right: auto;margin-bottom:10px;width:100%;max-width:30%;\"><div class=\"fusion-separator-border sep-single sep-solid\" style=\"--awb-height:20px;--awb-amount:20px;border-color:var(--awb-color3);border-top-width:1px;\"><\/div><\/div><div class=\"fusion-text fusion-text-2 p17 drvsubhdln fr\" style=\"--awb-content-alignment:center;--awb-text-transform:uppercase;--awb-text-color:var(--awb-color3);\"><p>CE QUI FAIT DE TRAVELERS UN EXCELLENT ENDROIT O\u00d9 TRAVAILLER<\/p> <\/div><div class=\"fusion-separator\" style=\"align-self: center;margin-left: auto;margin-right: auto;margin-top:10px;width:100%;max-width:30%;\"><div class=\"fusion-separator-border sep-single sep-solid\" style=\"--awb-height:20px;--awb-amount:20px;border-color:var(--awb-color3);border-top-width:1px;\"><\/div><\/div><div style=\"text-align:center;\"><a class=\"fusion-button button-flat fusion-button-default-size button-default fusion-button-default button-1 fusion-button-default-span fusion-button-default-type default-btn\" style=\"--button_margin-top:50px;\" target=\"_self\" aria-label=\"Learn more! WHAT MAKES TRAVELERS A GREAT PLACE TO WORK\" href=\"\/fr-ca\/vie-chez-travelers\/\"><span class=\"fusion-button-text\">Apprendre encore plus!<\/span><\/a><\/div><\/div><\/div><div class=\"fusion-layout-column fusion_builder_column fusion-builder-column-4 fusion_builder_column_1_2 1_2 fusion-flex-column fusion-flex-align-self-stretch\" style=\"--awb-bg-image:url(&#039;\/wp-content\/uploads\/sites\/2863\/2024\/03\/07050744\/Learn_r1.jpg&#039;);--awb-bg-position:center center;--awb-bg-size:cover;--awb-width-large:50%;--awb-margin-top-large:0px;--awb-spacing-right-large:0px;--awb-margin-bottom-large:0px;--awb-spacing-left-large:0px;--awb-width-medium:50%;--awb-order-medium:0;--awb-spacing-right-medium:0px;--awb-spacing-left-medium:0px;--awb-width-small:100%;--awb-order-small:0;--awb-spacing-right-small:1.92%;--awb-spacing-left-small:1.92%;\" data-scroll-devices=\"small-visibility,medium-visibility,large-visibility\"><div class=\"fusion-column-wrapper fusion-column-has-shadow fusion-flex-justify-content-flex-start fusion-content-layout-column fusion-empty-column-bg-image fusion-column-has-bg-image\" data-bg-url=\"\/wp-content\/uploads\/sites\/2863\/2024\/03\/07050744\/Learn_r1.jpg\"><img decoding=\"async\" class=\"fusion-empty-dims-img-placeholder fusion-no-large-visibility fusion-no-medium-visibility\" src=\"data:image\/gif;base64,R0lGODlhAQABAAAAACH5BAEKAAEALAAAAAABAAEAAAICTAEAOw==\"><\/div><\/div><\/div><\/div><\/p>\n","protected":false},"excerpt":{"rendered":"","protected":false},"author":1117,"featured_media":0,"parent":0,"menu_order":0,"comment_status":"open","ping_status":"open","template":"100-width.php","meta":{"footnotes":""},"persona":[],"class_list":["post-13434","page","type-page","status-publish","hentry"],"yoast_head":"<!-- This site is optimized with the Yoast SEO Premium plugin v23.0 (Yoast SEO v23.0) - https:\/\/yoast.com\/wordpress\/plugins\/seo\/ -->\n<title>Emplois chez Travelers | Carri\u00e8res chez Travellers | Emplois chez Travellers | Postulez en ligne pour des carri\u00e8res avec des Travelers leaders d&#039;assurance<\/title>\n<meta name=\"description\" content=\"Recherchez des emplois dans votre r\u00e9gion avec le leader de l&#039;assurance Travelers . D\u00e9couvrez les Travelers , rejoignez notre communaut\u00e9 de talents et trouvez une opportunit\u00e9 de carri\u00e8re.\" \/>\n<meta name=\"robots\" content=\"index, follow, max-snippet:-1, max-image-preview:large, max-video-preview:-1\" \/>\n<link rel=\"canonical\" href=\"https:\/\/careers.travelers.comhttps:\/\/careers.travelers.com\/fr-ca\/\" \/>\n<meta property=\"og:locale\" content=\"fr_CA\" \/>\n<meta property=\"og:type\" content=\"article\" \/>\n<meta property=\"og:title\" content=\"Emplois chez Travelers | Carri\u00e8res chez Travellers | Emplois chez Travellers | Postulez en ligne pour des carri\u00e8res avec des Travelers leaders d&#039;assurance\" \/>\n<meta property=\"og:description\" content=\"Recherchez des emplois dans votre r\u00e9gion avec le leader de l&#039;assurance Travelers . D\u00e9couvrez les Travelers , rejoignez notre communaut\u00e9 de talents et trouvez une opportunit\u00e9 de carri\u00e8re.\" \/>\n<meta property=\"og:url\" content=\"https:\/\/careers.travelers.com\/fr-ca\/\" \/>\n<meta property=\"og:site_name\" content=\"Travelers\" \/>\n<meta property=\"article:publisher\" content=\"https:\/\/www.facebook.com\/TravelersCareers\" \/>\n<meta property=\"article:modified_time\" content=\"2025-06-30T12:14:41+00:00\" \/>\n<meta property=\"og:image\" content=\"https:\/\/careers.travelers.com\/wp-content\/uploads\/sites\/527\/2017\/05\/17-HR-COMM-1281_1040-x-340-.jpg\" \/>\n<meta name=\"twitter:label1\" content=\"Estimation du temps de lecture\" \/>\n\t<meta name=\"twitter:data1\" content=\"2 minutes\" \/>\n<script type=\"application\/ld+json\" class=\"yoast-schema-graph\">{\"@context\":\"https:\/\/schema.org\",\"@graph\":[{\"@type\":\"WebPage\",\"@id\":\"https:\/\/careers.travelers.com\/fr-ca\/\",\"url\":\"https:\/\/careers.travelers.com\/fr-ca\/\",\"name\":\"Emplois chez Travelers | Carri\u00e8res chez Travellers | Emplois chez Travellers | Postulez en ligne pour des carri\u00e8res avec des Travelers leaders d'assurance\",\"isPartOf\":{\"@id\":\"https:\/\/careers.travelers.com\/fr-ca\/#website\"},\"datePublished\":\"2019-11-15T11:37:11+00:00\",\"dateModified\":\"2025-06-30T12:14:41+00:00\",\"description\":\"Recherchez des emplois dans votre r\u00e9gion avec le leader de l'assurance Travelers . D\u00e9couvrez les Travelers , rejoignez notre communaut\u00e9 de talents et trouvez une opportunit\u00e9 de carri\u00e8re.\",\"breadcrumb\":{\"@id\":\"https:\/\/careers.travelers.com\/fr-ca\/#breadcrumb\"},\"inLanguage\":\"fr-CA\",\"potentialAction\":[{\"@type\":\"ReadAction\",\"target\":[\"https:\/\/careers.travelers.com\/fr-ca\/\"]}]},{\"@type\":\"BreadcrumbList\",\"@id\":\"https:\/\/careers.travelers.com\/fr-ca\/#breadcrumb\",\"itemListElement\":[{\"@type\":\"ListItem\",\"position\":1,\"name\":\"Home\",\"item\":\"https:\/\/careers.travelers.com\/fr-ca\/\"},{\"@type\":\"ListItem\",\"position\":2,\"name\":\"Accueil\"}]},{\"@type\":\"WebSite\",\"@id\":\"https:\/\/careers.travelers.com\/fr-ca\/#website\",\"url\":\"https:\/\/careers.travelers.com\/fr-ca\/\",\"name\":\"Travelers\",\"description\":\"Careers at Travelers\",\"potentialAction\":[{\"@type\":\"SearchAction\",\"target\":{\"@type\":\"EntryPoint\",\"urlTemplate\":\"https:\/\/careers.travelers.com\/fr-ca\/?s={search_term_string}\"},\"query-input\":\"required name=search_term_string\"}],\"inLanguage\":\"fr-CA\"}]}<\/script>\n<!-- \/ Yoast SEO Premium plugin. -->","yoast_head_json":{"title":"Emplois chez Travelers | Carri\u00e8res chez Travellers | Emplois chez Travellers | Postulez en ligne pour des carri\u00e8res avec des Travelers leaders d'assurance","description":"Recherchez des emplois dans votre r\u00e9gion avec le leader de l'assurance Travelers . D\u00e9couvrez les Travelers , rejoignez notre communaut\u00e9 de talents et trouvez une opportunit\u00e9 de carri\u00e8re.","robots":{"index":"index","follow":"follow","max-snippet":"max-snippet:-1","max-image-preview":"max-image-preview:large","max-video-preview":"max-video-preview:-1"},"canonical":"https:\/\/careers.travelers.comhttps:\/\/careers.travelers.com\/fr-ca\/","og_locale":"fr_CA","og_type":"article","og_title":"Emplois chez Travelers | Carri\u00e8res chez Travellers | Emplois chez Travellers | Postulez en ligne pour des carri\u00e8res avec des Travelers leaders d'assurance","og_description":"Recherchez des emplois dans votre r\u00e9gion avec le leader de l'assurance Travelers . D\u00e9couvrez les Travelers , rejoignez notre communaut\u00e9 de talents et trouvez une opportunit\u00e9 de carri\u00e8re.","og_url":"https:\/\/careers.travelers.com\/fr-ca\/","og_site_name":"Travelers","article_publisher":"https:\/\/www.facebook.com\/TravelersCareers","article_modified_time":"2025-06-30T12:14:41+00:00","og_image":[{"url":"https:\/\/careers.travelers.com\/wp-content\/uploads\/sites\/527\/2017\/05\/17-HR-COMM-1281_1040-x-340-.jpg"}],"twitter_misc":{"Estimation du temps de lecture":"2 minutes"},"schema":{"@context":"https:\/\/schema.org","@graph":[{"@type":"WebPage","@id":"https:\/\/careers.travelers.com\/fr-ca\/","url":"https:\/\/careers.travelers.com\/fr-ca\/","name":"Emplois chez Travelers | Carri\u00e8res chez Travellers | Emplois chez Travellers | Postulez en ligne pour des carri\u00e8res avec des Travelers leaders d'assurance","isPartOf":{"@id":"https:\/\/careers.travelers.com\/fr-ca\/#website"},"datePublished":"2019-11-15T11:37:11+00:00","dateModified":"2025-06-30T12:14:41+00:00","description":"Recherchez des emplois dans votre r\u00e9gion avec le leader de l'assurance Travelers . D\u00e9couvrez les Travelers , rejoignez notre communaut\u00e9 de talents et trouvez une opportunit\u00e9 de carri\u00e8re.","breadcrumb":{"@id":"https:\/\/careers.travelers.com\/fr-ca\/#breadcrumb"},"inLanguage":"fr-CA","potentialAction":[{"@type":"ReadAction","target":["https:\/\/careers.travelers.com\/fr-ca\/"]}]},{"@type":"BreadcrumbList","@id":"https:\/\/careers.travelers.com\/fr-ca\/#breadcrumb","itemListElement":[{"@type":"ListItem","position":1,"name":"Home","item":"https:\/\/careers.travelers.com\/fr-ca\/"},{"@type":"ListItem","position":2,"name":"Accueil"}]},{"@type":"WebSite","@id":"https:\/\/careers.travelers.com\/fr-ca\/#website","url":"https:\/\/careers.travelers.com\/fr-ca\/","name":"Travelers","description":"Careers at Travelers","potentialAction":[{"@type":"SearchAction","target":{"@type":"EntryPoint","urlTemplate":"https:\/\/careers.travelers.com\/fr-ca\/?s={search_term_string}"},"query-input":"required name=search_term_string"}],"inLanguage":"fr-CA"}]}},"_links":{"self":[{"href":"https:\/\/careers.travelers.com\/fr-ca\/wp-json\/wp\/v2\/pages\/13434","targetHints":{"allow":["GET"]}}],"collection":[{"href":"https:\/\/careers.travelers.com\/fr-ca\/wp-json\/wp\/v2\/pages"}],"about":[{"href":"https:\/\/careers.travelers.com\/fr-ca\/wp-json\/wp\/v2\/types\/page"}],"author":[{"embeddable":true,"href":"https:\/\/careers.travelers.com\/fr-ca\/wp-json\/wp\/v2\/users\/1117"}],"replies":[{"embeddable":true,"href":"https:\/\/careers.travelers.com\/fr-ca\/wp-json\/wp\/v2\/comments?post=13434"}],"version-history":[{"count":17,"href":"https:\/\/careers.travelers.com\/fr-ca\/wp-json\/wp\/v2\/pages\/13434\/revisions"}],"predecessor-version":[{"id":32699,"href":"https:\/\/careers.travelers.com\/fr-ca\/wp-json\/wp\/v2\/pages\/13434\/revisions\/32699"}],"wp:attachment":[{"href":"https:\/\/careers.travelers.com\/fr-ca\/wp-json\/wp\/v2\/media?parent=13434"}],"wp:term":[{"taxonomy":"persona","embeddable":true,"href":"https:\/\/careers.travelers.com\/fr-ca\/wp-json\/wp\/v2\/persona?post=13434"}],"curies":[{"name":"wp","href":"https:\/\/api.w.org\/{rel}","templated":true}]}}