{"id":30725,"date":"2025-04-06T01:59:26","date_gmt":"2025-04-06T05:59:26","guid":{"rendered":"http:\/\/travelers-refresh-backup.site.findly.com\/?page_id=30725"},"modified":"2025-06-16T06:49:13","modified_gmt":"2025-06-16T10:49:13","slug":"accessibility-contact-legal","status":"publish","type":"page","link":"https:\/\/careers.travelers.com\/fr-ca\/accessibility-contact-legal\/","title":{"rendered":"Accessibility Contact Legal"},"content":{"rendered":"<p><div class=\"fusion-fullwidth fullwidth-box fusion-builder-row-1 fusion-flex-container has-pattern-background has-mask-background fusion-parallax-none hero-banner home-bnr hundred-percent-fullwidth non-hundred-percent-height-scrolling\" style=\"--awb-background-position:left center;--awb-border-radius-top-left:0px;--awb-border-radius-top-right:0px;--awb-border-radius-bottom-right:0px;--awb-border-radius-bottom-left:0px;--awb-min-height:178px;--awb-min-height-medium:350px;--awb-min-height-small:220px;--awb-background-image:url(&quot;\/wp-content\/uploads\/sites\/1053\/2021\/05\/05101528\/StudentGrad-hero-1-1.jpg&quot;);--awb-background-size:cover;--awb-flex-wrap:wrap;\" aria-label=\"\" role=\"\" ><div class=\"fusion-builder-row fusion-row fusion-flex-align-items-center fusion-flex-align-content-center fusion-flex-justify-content-center fusion-flex-content-wrap\" style=\"width:104% !important;max-width:104% !important;margin-left: calc(-4% \/ 2 );margin-right: calc(-4% \/ 2 );\"><div class=\"fusion-layout-column fusion_builder_column fusion-builder-column-0 fusion_builder_column_1_1 1_1 fusion-flex-column fusion-flex-align-self-center banner-tit\" style=\"--awb-padding-right-small:20px;--awb-padding-left-small:20px;--awb-bg-size:cover;--awb-width-large:100%;--awb-margin-top-large:0px;--awb-spacing-right-large:1.92%;--awb-margin-bottom-large:20px;--awb-spacing-left-large:1.92%;--awb-width-medium:100%;--awb-order-medium:0;--awb-spacing-right-medium:1.92%;--awb-spacing-left-medium:1.92%;--awb-width-small:100%;--awb-order-small:0;--awb-spacing-right-small:1.92%;--awb-spacing-left-small:1.92%;\" data-scroll-devices=\"small-visibility,medium-visibility,large-visibility\"><div class=\"fusion-column-wrapper fusion-column-has-shadow fusion-flex-justify-content-flex-start fusion-content-layout-column\"><\/div><\/div><\/div><\/div><div class=\"fusion-fullwidth fullwidth-box fusion-builder-row-2 fusion-flex-container has-pattern-background has-mask-background search-banner hundred-percent-fullwidth non-hundred-percent-height-scrolling\" style=\"--awb-border-radius-top-left:0px;--awb-border-radius-top-right:0px;--awb-border-radius-bottom-right:0px;--awb-border-radius-bottom-left:0px;--awb-padding-top:10px;--awb-padding-right:0px;--awb-padding-bottom:10px;--awb-padding-left:0px;--awb-background-color:#d8d8d8;--awb-flex-wrap:wrap;\" ><div class=\"fusion-builder-row fusion-row fusion-flex-align-items-flex-start fusion-flex-justify-content-center fusion-flex-content-wrap\" style=\"width:104% !important;max-width:104% !important;margin-left: calc(-4% \/ 2 );margin-right: calc(-4% \/ 2 );\"><div class=\"fusion-layout-column fusion_builder_column fusion-builder-column-1 fusion-flex-column\" style=\"--awb-bg-size:cover;--awb-width-large:74%;--awb-margin-top-large:0px;--awb-spacing-right-large:2.5945945945946%;--awb-margin-bottom-large:0px;--awb-spacing-left-large:2.5945945945946%;--awb-width-medium:85%;--awb-order-medium:0;--awb-spacing-right-medium:2.2588235294118%;--awb-spacing-left-medium:2.2588235294118%;--awb-width-small:90%;--awb-order-small:0;--awb-spacing-right-small:2.1333333333333%;--awb-spacing-left-small:2.1333333333333%;\" data-scroll-devices=\"small-visibility,medium-visibility,large-visibility\"><div class=\"fusion-column-wrapper fusion-column-has-shadow fusion-flex-justify-content-flex-start fusion-content-layout-column\"><div class=\"fusion-widget-area awb-widget-area-element fusion-widget-area-1 fusion-content-widget-area\" style=\"--awb-title-size:24px;--awb-title-color:var(--awb-color8);--awb-padding:0px 0px 0px 0px;\"><div id=\"widget_job_search_v2-6\" class=\"widget widget-jobsearch widget-jobsearch-v2\" style=\"border-style: solid;border-color:transparent;border-width:0px;\"><form method=\"GET\" id=\"cws_quickjobsearch\" role=\"search\" class=\"clearfix g-cols offset_medium\" action=\"\/fr-ca\/recherche-demploi\/\"><div class=\"quicksearch-field quicksearch-SearchText first avia-builder-el-first  flex_column fusion-layout-column fusion-one-third  horizontal\"><div class=\"w-form-row\"><div class=\"w-form-row-label\"><label for=\"cws_quickjobsearch_keywords\">Mot cl\u00e9 ou ID de l\u2019emploi<\/label><\/div><div class=\"w-form-row-field\"><input type=\"text\" class=\"text_input keyword_suggest\" name=\"keyword\" id=\"cws_quickjobsearch_keywords\" data-autocomplete_limit=\"5\" placeholder=\"Mot cl\u00e9\"  data-param=\"SearchText\" aria-describedby=\"keyword-help\" value=\"\" \/><span id=\"keyword-help\" class=\"visually-hidden sr-only\" aria-live=\"polite\">Begin typing to find suggestions.<\/span><span class=\"w-form-row-field-bar\"><\/span><\/div><input type=\"hidden\" name=\"fuzzy\" id=\"cws_quickjobsearch_fuzzy\" data-param=\"fuzzy\" value=\"\" \/><\/div><\/div><div class=\"quicksearch-field quicksearch-coordinates  flex_column fusion-layout-column fusion-one-third  horizontal\"><div class=\"w-form-row-label\"><label for=\"cws_quickjobsearch_location\">Entrer l\u2019adresse, la ville ou le code postal\n<\/label><\/div><div class=\"location-wrapper location-wrapper with_geo\"><input type=\"text\"  class=\"text_input loc_auto\" name=\"location\" id=\"cws_quickjobsearch_location\"  placeholder=\"Entrer l\u2019adresse, la ville ou le code postal\n\"  data-param=\"Location\" value=\"\" aria-describedby=\"cws_quickjobsearch_location-description\" \/><button class=\"geolocation-icon fontawesome-icon fas\" id=\"geotooltip\" type=\"button\" tabindex=\"0\" aria-label=\"Use your current location\">&#xf3c5;\n<span class=\"geolocation-tooltip\"  role=\"tooltip\" aria-hidden=\"true\">Use your current location<\/span> <\/button><span id=\"cws_quickjobsearch_location-description\" style=\"display:none;\">Start typing a location to get suggestions, then press the down arrow to select one.<\/span><span id=\"cws_quickjobsearch_location_error\" style=\"display:none;\" class=\"location_error\">*Please select location from the dropdown<\/span><\/div><input type=\"hidden\" name=\"latitude\" id=\"cws_quickjobsearch_latitude\" data-param=\"latitude\" value=\"\" \/><input type=\"hidden\" name=\"longitude\" id=\"cws_quickjobsearch_longitude\" data-param=\"longitude\" value=\"\" \/><input type=\"hidden\" name=\"state\" id=\"cws_quickjobsearch_state\" data-param=\"facet\" data-facet=\"primary_state\" value=\"\" \/><input type=\"hidden\" name=\"country\" id=\"cws_quickjobsearch_country\" data-param=\"facet\" data-facet=\"primary_country\" value=\"\" \/><input type=\"hidden\" name=\"radius\" id=\"cws_quickjobsearch_radius\" value=\"25\" \/><input type=\"hidden\" name=\"statewide\" id=\"cws_quickjobsearch_statewide\" value=\"\" \/><input type=\"hidden\" name=\"nationwide\" id=\"cws_quickjobsearch_nationwide\" value=\"\" \/><\/div><div class=\"quicksearch-btn avia-builder-el-last flex_column fusion-layout-column fusion-one-third \"><input class=\"fusion-button button-default button-small quicksearch-submit\" type=\"submit\" value=\"Rechercher des carri\u00e8res\" \/><\/div><\/form><\/div><div class=\"fusion-additional-widget-content\"><\/div><\/div><\/div><\/div><\/div><\/div>\n<div class=\"fusion-fullwidth fullwidth-box fusion-builder-row-3 fusion-flex-container has-pattern-background has-mask-background red-hover nonhundred-percent-fullwidth non-hundred-percent-height-scrolling\" style=\"--link_hover_color: #cc2d2f;--awb-border-radius-top-left:0px;--awb-border-radius-top-right:0px;--awb-border-radius-bottom-right:0px;--awb-border-radius-bottom-left:0px;--awb-padding-top:50px;--awb-padding-bottom:30px;--awb-padding-top-small:56px;--awb-padding-bottom-small:20px;--awb-flex-wrap:wrap;\" id=\"Equal\" aria-label=\"\" role=\"\" ><div class=\"fusion-builder-row fusion-row fusion-flex-align-items-center fusion-flex-justify-content-center fusion-flex-content-wrap\" style=\"max-width:1258.4px;margin-left: calc(-4% \/ 2 );margin-right: calc(-4% \/ 2 );\"><div class=\"fusion-layout-column fusion_builder_column fusion-builder-column-2 fusion_builder_column_1_1 1_1 fusion-flex-column\" style=\"--awb-bg-size:cover;--awb-width-large:100%;--awb-margin-top-large:0px;--awb-spacing-right-large:0px;--awb-margin-bottom-large:0px;--awb-spacing-left-large:0px;--awb-width-medium:100%;--awb-order-medium:0;--awb-spacing-right-medium:0px;--awb-spacing-left-medium:0px;--awb-width-small:100%;--awb-order-small:0;--awb-spacing-right-small:1.92%;--awb-spacing-left-small:1.92%;\" data-scroll-devices=\"small-visibility,medium-visibility,large-visibility\"><div class=\"fusion-column-wrapper fusion-column-has-shadow fusion-flex-justify-content-flex-start fusion-content-layout-column\"><div class=\"fusion-title title fusion-title-1 fusion-sep-none fusion-title-text fusion-title-size-one\" style=\"--awb-margin-top:0px;--awb-font-size:34px;\"><h1 class=\"fusion-title-heading title-heading-left\" style=\"margin:0;font-size:1em;text-transform:var(--awb-typography4-text-transform);line-height:37px;\">Employeur souscrivant au principe de l\u2019\u00e9galit\u00e9 d\u2019acc\u00e8s \u00e0 l\u2019emploi<\/h1><\/div><div class=\"fusion-text fusion-text-1 p17\" style=\"--awb-content-alignment:left;\"><p>Travelers est un employeur souscrivant au principe de l\u2019\u00e9galit\u00e9 d\u2019acc\u00e8s \u00e0 l\u2019emploi. \u00c0 Travelers, toutes les d\u00e9cisions d\u2019embauche se fondent sur nos besoins op\u00e9rationnels, les exigences des emplois concern\u00e9s et les qualifications des candidates et candidats sans \u00e9gard \u00e0 la race, la couleur, la religion, le sexe, l\u2019identit\u00e9 de genre, l\u2019\u00e2ge, l\u2019origine nationale, les d\u00e9ficiences, le statut d\u2019ancien combattant, l\u2019\u00e9tat civil, l\u2019orientation sexuelle, les renseignements g\u00e9n\u00e9tiques ou tout autre \u00e9tat ou toute autre condition prot\u00e9g\u00e9s par les lois ou r\u00e8glements en vigueur dans les r\u00e9gions o\u00f9 nous exer\u00e7ons nos activit\u00e9s. Travelers encourage la candidature des personnes de tout \u00e2ge.<\/p> <\/div><\/div><\/div><\/div><\/div><div class=\"fusion-fullwidth fullwidth-box fusion-builder-row-4 fusion-flex-container has-pattern-background has-mask-background red-hover nonhundred-percent-fullwidth non-hundred-percent-height-scrolling\" style=\"--link_hover_color: #cc2d2f;--awb-border-radius-top-left:0px;--awb-border-radius-top-right:0px;--awb-border-radius-bottom-right:0px;--awb-border-radius-bottom-left:0px;--awb-padding-top:0px;--awb-padding-bottom:30px;--awb-padding-top-small:20px;--awb-padding-bottom-small:20px;--awb-flex-wrap:wrap;\" id=\"access\" aria-label=\"\" role=\"\" ><div class=\"fusion-builder-row fusion-row fusion-flex-align-items-center fusion-flex-justify-content-center fusion-flex-content-wrap\" style=\"max-width:1258.4px;margin-left: calc(-4% \/ 2 );margin-right: calc(-4% \/ 2 );\"><div class=\"fusion-layout-column fusion_builder_column fusion-builder-column-3 fusion_builder_column_1_1 1_1 fusion-flex-column\" style=\"--awb-bg-size:cover;--awb-width-large:100%;--awb-margin-top-large:0px;--awb-spacing-right-large:0px;--awb-margin-bottom-large:0px;--awb-spacing-left-large:0px;--awb-width-medium:100%;--awb-order-medium:0;--awb-spacing-right-medium:0px;--awb-spacing-left-medium:0px;--awb-width-small:100%;--awb-order-small:0;--awb-spacing-right-small:1.92%;--awb-spacing-left-small:1.92%;\" data-scroll-devices=\"small-visibility,medium-visibility,large-visibility\"><div class=\"fusion-column-wrapper fusion-column-has-shadow fusion-flex-justify-content-flex-start fusion-content-layout-column\"><div class=\"fusion-title title fusion-title-2 fusion-sep-none fusion-title-text fusion-title-size-two\" style=\"--awb-margin-top:0px;\"><h2 class=\"fusion-title-heading title-heading-left\" style=\"margin:0;text-transform:var(--awb-typography4-text-transform);\">Accessibilit\u00e9<\/h2><\/div><div class=\"fusion-text fusion-text-2 p17\" style=\"--awb-content-alignment:left;\"><p>Travelers s\u2019engage \u00e0 rendre le processus de recrutement accessible \u00e0 toutes et \u00e0 tous, y compris aux personnes handicap\u00e9es.<\/p> <p>Si vous ne pouvez pas autrement compl\u00e9ter le processus de recrutement en raison d\u2019un handicap ou d\u2019un besoin en mati\u00e8re d\u2019accommodement, veuillez \u00e9crire \u00e0 <a href=\"mailto:accessibility@travelers.com\" style=\"color: #0071bc;\" target=\"blank\">accessibility@travelers.com<\/a> ou composer le 1 800 441-4378.<\/p> <p>Si votre demande ne concerne pas l\u2019accessibilit\u00e9, communiquez avec l\u2019unit\u00e9 des Services aux employ\u00e9s (ESU).<\/p> <\/div><\/div><\/div><\/div><\/div><div class=\"fusion-fullwidth fullwidth-box fusion-builder-row-5 fusion-flex-container has-pattern-background has-mask-background red-hover nonhundred-percent-fullwidth non-hundred-percent-height-scrolling\" style=\"--link_hover_color: #cc2d2f;--awb-border-radius-top-left:0px;--awb-border-radius-top-right:0px;--awb-border-radius-bottom-right:0px;--awb-border-radius-bottom-left:0px;--awb-padding-top:0px;--awb-padding-bottom:30px;--awb-padding-top-small:20px;--awb-padding-bottom-small:20px;--awb-flex-wrap:wrap;\" id=\"contact\" aria-label=\"\" role=\"\" ><div class=\"fusion-builder-row fusion-row fusion-flex-align-items-center fusion-flex-justify-content-center fusion-flex-content-wrap\" style=\"max-width:1258.4px;margin-left: calc(-4% \/ 2 );margin-right: calc(-4% \/ 2 );\"><div class=\"fusion-layout-column fusion_builder_column fusion-builder-column-4 fusion_builder_column_1_1 1_1 fusion-flex-column\" style=\"--awb-bg-size:cover;--awb-width-large:100%;--awb-margin-top-large:0px;--awb-spacing-right-large:0px;--awb-margin-bottom-large:0px;--awb-spacing-left-large:0px;--awb-width-medium:100%;--awb-order-medium:0;--awb-spacing-right-medium:0px;--awb-spacing-left-medium:0px;--awb-width-small:100%;--awb-order-small:0;--awb-spacing-right-small:1.92%;--awb-spacing-left-small:1.92%;\" data-scroll-devices=\"small-visibility,medium-visibility,large-visibility\"><div class=\"fusion-column-wrapper fusion-column-has-shadow fusion-flex-justify-content-flex-start fusion-content-layout-column\"><div class=\"fusion-title title fusion-title-3 fusion-sep-none fusion-title-text fusion-title-size-two\" style=\"--awb-margin-top:0px;\"><h2 class=\"fusion-title-heading title-heading-left\" style=\"margin:0;text-transform:var(--awb-typography4-text-transform);\">Contactez-nous<\/h2><\/div><div class=\"fusion-text fusion-text-3 p17\" style=\"--awb-content-alignment:left;\"><p>Pour toute question relative au processus de candidature, veuillez nous \u00e9crire \u00e0 l\u2019adresse <a style=\"color: #0071bc;\" href=\"mailto:4-ESU@travelers.com\" target=\"_blank\" rel=\"noopener\">4-ESU@travelers.com<\/a>. Nous vous r\u00e9pondrons en un jour ouvrable.<\/p> <\/div><\/div><\/div><\/div><\/div><div class=\"fusion-fullwidth fullwidth-box fusion-builder-row-6 fusion-flex-container has-pattern-background has-mask-background red-hover nonhundred-percent-fullwidth non-hundred-percent-height-scrolling\" style=\"--link_hover_color: #cc2d2f;--awb-border-radius-top-left:0px;--awb-border-radius-top-right:0px;--awb-border-radius-bottom-right:0px;--awb-border-radius-bottom-left:0px;--awb-padding-top:0px;--awb-padding-bottom:30px;--awb-padding-top-small:20px;--awb-padding-bottom-small:20px;--awb-flex-wrap:wrap;\" id=\"legal\" aria-label=\"\" role=\"\" ><div class=\"fusion-builder-row fusion-row fusion-flex-align-items-center fusion-flex-justify-content-center fusion-flex-content-wrap\" style=\"max-width:1258.4px;margin-left: calc(-4% \/ 2 );margin-right: calc(-4% \/ 2 );\"><div class=\"fusion-layout-column fusion_builder_column fusion-builder-column-5 fusion_builder_column_1_1 1_1 fusion-flex-column\" style=\"--awb-bg-size:cover;--awb-width-large:100%;--awb-margin-top-large:0px;--awb-spacing-right-large:0px;--awb-margin-bottom-large:0px;--awb-spacing-left-large:0px;--awb-width-medium:100%;--awb-order-medium:0;--awb-spacing-right-medium:0px;--awb-spacing-left-medium:0px;--awb-width-small:100%;--awb-order-small:0;--awb-spacing-right-small:1.92%;--awb-spacing-left-small:1.92%;\" data-scroll-devices=\"small-visibility,medium-visibility,large-visibility\"><div class=\"fusion-column-wrapper fusion-column-has-shadow fusion-flex-justify-content-flex-start fusion-content-layout-column\"><div class=\"fusion-title title fusion-title-4 fusion-sep-none fusion-title-text fusion-title-size-two\" style=\"--awb-margin-top:0px;\"><h2 class=\"fusion-title-heading title-heading-left\" style=\"margin:0;text-transform:var(--awb-typography4-text-transform);\">Avis juridiques<\/h2><\/div><div class=\"fusion-text fusion-text-4 p17\" style=\"--awb-content-alignment:left;\"><ul style=\"list-style: none; padding-left: 0px;\"> <li><a href=\"\/wp-content\/uploads\/sites\/278\/2016\/11\/accessiblity_E-Verify_Participation_Poster.pdf\" target=\"_blank\" style=\"color: #0071bc;\" rel=\"noopener\">E-Verify (Anglais)<\/a><\/li> <li><a href=\"\/wp-content\/uploads\/sites\/278\/2016\/11\/accessiblity_E-Verify_Participation_Poster_Spanish.pdf\" target=\"_blank\" style=\"color: #0071bc;\" rel=\"noopener\">E-Verify (Espagnol)<\/a><\/li> <li><a href=\"\/wp-content\/uploads\/sites\/278\/2016\/11\/accessiblity_OSC_Right_to_Work_Poster.pdf\" style=\"color: #0071bc;\" target=\"_blank\" rel=\"noopener\">Droit de travailler (Anglais)<\/a><\/li> <li><a href=\"\/wp-content\/uploads\/sites\/278\/2016\/11\/accessiblity_OSC_Right_to_Work_Poster_Spanish.pdf\" target=\"_blank\" style=\"color: #0071bc;\" rel=\"noopener\">Droit de travailler (Espagnol)<\/a><\/li> <\/ul> <\/div><style> @media (min-width: 989px){ .accessibility     .hero-banner {         background-size: 94% !important;         background-position: 50px !important; height:178px !important;     } } .accessibility  p{   line-height: 28px !important; } <\/style><\/div><\/div><\/div><\/div><\/p>\n","protected":false},"excerpt":{"rendered":"","protected":false},"author":1583,"featured_media":0,"parent":0,"menu_order":0,"comment_status":"closed","ping_status":"closed","template":"100-width.php","meta":{"footnotes":""},"persona":[],"class_list":["post-30725","page","type-page","status-publish","hentry"],"yoast_head":"<!-- This site is optimized with the Yoast SEO Premium plugin v23.0 (Yoast SEO v23.0) - https:\/\/yoast.com\/wordpress\/plugins\/seo\/ -->\n<title>Carri\u00e8res \u00e0 Travelers | Contacter Travelers | Politique d\u2019accessibilit\u00e9 | Services juridiques de Travelers<\/title>\n<meta name=\"description\" content=\"Contacter Travelers. En savoir plus sur les politiques d\u2019accessibilit\u00e9 et d\u2019embauche de Travelers.\" \/>\n<meta name=\"robots\" content=\"index, follow, max-snippet:-1, max-image-preview:large, max-video-preview:-1\" \/>\n<link rel=\"canonical\" href=\"https:\/\/careers.travelers.comhttps:\/\/careers.travelers.com\/fr-ca\/accessibility-contact-legal\/\" \/>\n<meta property=\"og:locale\" content=\"fr_CA\" \/>\n<meta property=\"og:type\" content=\"article\" \/>\n<meta property=\"og:title\" content=\"Carri\u00e8res \u00e0 Travelers | Contacter Travelers | Politique d\u2019accessibilit\u00e9 | Services juridiques de Travelers\" \/>\n<meta property=\"og:description\" content=\"Contacter Travelers. En savoir plus sur les politiques d\u2019accessibilit\u00e9 et d\u2019embauche de Travelers.\" \/>\n<meta property=\"og:url\" content=\"https:\/\/careers.travelers.com\/fr-ca\/accessibility-contact-legal\/\" \/>\n<meta property=\"og:site_name\" content=\"Travelers\" \/>\n<meta property=\"article:publisher\" content=\"https:\/\/www.facebook.com\/TravelersCareers\" \/>\n<meta property=\"article:modified_time\" content=\"2025-06-16T10:49:13+00:00\" \/>\n<meta name=\"twitter:label1\" content=\"Estimation du temps de lecture\" \/>\n\t<meta name=\"twitter:data1\" content=\"2 minutes\" \/>\n<script type=\"application\/ld+json\" class=\"yoast-schema-graph\">{\"@context\":\"https:\/\/schema.org\",\"@graph\":[{\"@type\":\"WebPage\",\"@id\":\"https:\/\/careers.travelers.com\/fr-ca\/accessibility-contact-legal\/\",\"url\":\"https:\/\/careers.travelers.com\/fr-ca\/accessibility-contact-legal\/\",\"name\":\"Carri\u00e8res \u00e0 Travelers | Contacter Travelers | Politique d\u2019accessibilit\u00e9 | Services juridiques de Travelers\",\"isPartOf\":{\"@id\":\"https:\/\/careers.travelers.com\/fr-ca\/#website\"},\"datePublished\":\"2025-04-06T05:59:26+00:00\",\"dateModified\":\"2025-06-16T10:49:13+00:00\",\"description\":\"Contacter Travelers. En savoir plus sur les politiques d\u2019accessibilit\u00e9 et d\u2019embauche de Travelers.\",\"breadcrumb\":{\"@id\":\"https:\/\/careers.travelers.com\/fr-ca\/accessibility-contact-legal\/#breadcrumb\"},\"inLanguage\":\"fr-CA\",\"potentialAction\":[{\"@type\":\"ReadAction\",\"target\":[\"https:\/\/careers.travelers.com\/fr-ca\/accessibility-contact-legal\/\"]}]},{\"@type\":\"BreadcrumbList\",\"@id\":\"https:\/\/careers.travelers.com\/fr-ca\/accessibility-contact-legal\/#breadcrumb\",\"itemListElement\":[{\"@type\":\"ListItem\",\"position\":1,\"name\":\"Home\",\"item\":\"https:\/\/careers.travelers.com\/fr-ca\/\"},{\"@type\":\"ListItem\",\"position\":2,\"name\":\"Accessibility Contact Legal\"}]},{\"@type\":\"WebSite\",\"@id\":\"https:\/\/careers.travelers.com\/fr-ca\/#website\",\"url\":\"https:\/\/careers.travelers.com\/fr-ca\/\",\"name\":\"Travelers\",\"description\":\"Careers at Travelers\",\"potentialAction\":[{\"@type\":\"SearchAction\",\"target\":{\"@type\":\"EntryPoint\",\"urlTemplate\":\"https:\/\/careers.travelers.com\/fr-ca\/?s={search_term_string}\"},\"query-input\":\"required name=search_term_string\"}],\"inLanguage\":\"fr-CA\"}]}<\/script>\n<!-- \/ Yoast SEO Premium plugin. -->","yoast_head_json":{"title":"Carri\u00e8res \u00e0 Travelers | Contacter Travelers | Politique d\u2019accessibilit\u00e9 | Services juridiques de Travelers","description":"Contacter Travelers. En savoir plus sur les politiques d\u2019accessibilit\u00e9 et d\u2019embauche de Travelers.","robots":{"index":"index","follow":"follow","max-snippet":"max-snippet:-1","max-image-preview":"max-image-preview:large","max-video-preview":"max-video-preview:-1"},"canonical":"https:\/\/careers.travelers.comhttps:\/\/careers.travelers.com\/fr-ca\/accessibility-contact-legal\/","og_locale":"fr_CA","og_type":"article","og_title":"Carri\u00e8res \u00e0 Travelers | Contacter Travelers | Politique d\u2019accessibilit\u00e9 | Services juridiques de Travelers","og_description":"Contacter Travelers. En savoir plus sur les politiques d\u2019accessibilit\u00e9 et d\u2019embauche de Travelers.","og_url":"https:\/\/careers.travelers.com\/fr-ca\/accessibility-contact-legal\/","og_site_name":"Travelers","article_publisher":"https:\/\/www.facebook.com\/TravelersCareers","article_modified_time":"2025-06-16T10:49:13+00:00","twitter_misc":{"Estimation du temps de lecture":"2 minutes"},"schema":{"@context":"https:\/\/schema.org","@graph":[{"@type":"WebPage","@id":"https:\/\/careers.travelers.com\/fr-ca\/accessibility-contact-legal\/","url":"https:\/\/careers.travelers.com\/fr-ca\/accessibility-contact-legal\/","name":"Carri\u00e8res \u00e0 Travelers | Contacter Travelers | Politique d\u2019accessibilit\u00e9 | Services juridiques de Travelers","isPartOf":{"@id":"https:\/\/careers.travelers.com\/fr-ca\/#website"},"datePublished":"2025-04-06T05:59:26+00:00","dateModified":"2025-06-16T10:49:13+00:00","description":"Contacter Travelers. En savoir plus sur les politiques d\u2019accessibilit\u00e9 et d\u2019embauche de Travelers.","breadcrumb":{"@id":"https:\/\/careers.travelers.com\/fr-ca\/accessibility-contact-legal\/#breadcrumb"},"inLanguage":"fr-CA","potentialAction":[{"@type":"ReadAction","target":["https:\/\/careers.travelers.com\/fr-ca\/accessibility-contact-legal\/"]}]},{"@type":"BreadcrumbList","@id":"https:\/\/careers.travelers.com\/fr-ca\/accessibility-contact-legal\/#breadcrumb","itemListElement":[{"@type":"ListItem","position":1,"name":"Home","item":"https:\/\/careers.travelers.com\/fr-ca\/"},{"@type":"ListItem","position":2,"name":"Accessibility Contact Legal"}]},{"@type":"WebSite","@id":"https:\/\/careers.travelers.com\/fr-ca\/#website","url":"https:\/\/careers.travelers.com\/fr-ca\/","name":"Travelers","description":"Careers at Travelers","potentialAction":[{"@type":"SearchAction","target":{"@type":"EntryPoint","urlTemplate":"https:\/\/careers.travelers.com\/fr-ca\/?s={search_term_string}"},"query-input":"required name=search_term_string"}],"inLanguage":"fr-CA"}]}},"_links":{"self":[{"href":"https:\/\/careers.travelers.com\/fr-ca\/wp-json\/wp\/v2\/pages\/30725","targetHints":{"allow":["GET"]}}],"collection":[{"href":"https:\/\/careers.travelers.com\/fr-ca\/wp-json\/wp\/v2\/pages"}],"about":[{"href":"https:\/\/careers.travelers.com\/fr-ca\/wp-json\/wp\/v2\/types\/page"}],"author":[{"embeddable":true,"href":"https:\/\/careers.travelers.com\/fr-ca\/wp-json\/wp\/v2\/users\/1583"}],"replies":[{"embeddable":true,"href":"https:\/\/careers.travelers.com\/fr-ca\/wp-json\/wp\/v2\/comments?post=30725"}],"version-history":[{"count":6,"href":"https:\/\/careers.travelers.com\/fr-ca\/wp-json\/wp\/v2\/pages\/30725\/revisions"}],"predecessor-version":[{"id":32226,"href":"https:\/\/careers.travelers.com\/fr-ca\/wp-json\/wp\/v2\/pages\/30725\/revisions\/32226"}],"wp:attachment":[{"href":"https:\/\/careers.travelers.com\/fr-ca\/wp-json\/wp\/v2\/media?parent=30725"}],"wp:term":[{"taxonomy":"persona","embeddable":true,"href":"https:\/\/careers.travelers.com\/fr-ca\/wp-json\/wp\/v2\/persona?post=30725"}],"curies":[{"name":"wp","href":"https:\/\/api.w.org\/{rel}","templated":true}]}}